{"id":7,"date":"2017-10-30T16:53:15","date_gmt":"2017-10-30T16:53:15","guid":{"rendered":"http:\/\/hipineb.i3a.info\/tetra-project\/?page_id=7"},"modified":"2025-01-21T08:56:13","modified_gmt":"2025-01-21T08:56:13","slug":"team","status":"publish","type":"page","link":"https:\/\/hipineb.i3a.info\/tetra-project\/team\/","title":{"rendered":"Equipo"},"content":{"rendered":"<h3><strong>Research Team<\/strong><\/h3>\n<ul>\n<li><strong>Jes\u00fas Escudero Sahuquillo\u00a0<\/strong><a href=\"http:\/\/orcid.org\/0000-0003-0835-8624\" target=\"_blank\" rel=\"noopener noreferrer\"><img decoding=\"async\" src=\"http:\/\/www.i3a.uclm.es\/raap\/wp-content\/uploads\/2016\/04\/iD-icon.png\" alt=\"iD icon\" width=\"16\" height=\"16\" \/><\/a>\u00a0<a href=\"http:\/\/dblp.uni-trier.de\/pers\/hd\/e\/Escudero=Sahuquillo:Jes=uacute=s\" target=\"_blank\" rel=\"noopener noreferrer\"><img decoding=\"async\" src=\"http:\/\/www.i3a.uclm.es\/raap\/wp-content\/uploads\/2016\/05\/dblp.icon_.18x18.png\" width=\"18\" height=\"18\" \/><\/a>\u00a0Associate Profesor at the Universidad de Castilla-La Mancha.<\/li>\n<li><strong>Rafael Rodr\u00edguez S\u00e1nchez<\/strong> <a href=\"https:\/\/orcid.org\/0000-0001-8789-3953\" target=\"_blank\" rel=\"noopener noreferrer\"><img decoding=\"async\" class=\"alignnone wp-image-393 size-full\" src=\"https:\/\/www.i3a.uclm.es\/raap\/wp-content\/uploads\/2016\/04\/iD-icon.png\" alt=\"iD icon\" width=\"16\" height=\"16\" \/><\/a><a href=\"https:\/\/dblp.org\/pid\/51\/8228.html\" target=\"_blank\" rel=\"noopener noreferrer\"><img loading=\"lazy\" decoding=\"async\" class=\"alignnone wp-image-400 size-full\" src=\"https:\/\/www.i3a.uclm.es\/raap\/wp-content\/uploads\/2016\/05\/dblp.icon_.18x18.png\" alt=\"\" width=\"18\" height=\"18\" \/><\/a> Associate Profesor at the Universidad de Castilla-La Mancha<\/li>\n<li><strong>Francisco Jos\u00e9 Quiles<\/strong><strong>\u00a0<a href=\"http:\/\/orcid.org\/0000-0002-8966-6225\" target=\"_blank\" rel=\"noopener noreferrer\"><img decoding=\"async\" src=\"http:\/\/www.i3a.uclm.es\/raap\/wp-content\/uploads\/2016\/04\/iD-icon.png\" alt=\"iD icon\" width=\"16\" height=\"16\" \/><\/a>\u00a0<a href=\"http:\/\/dblp.uni-trier.de\/pers\/hd\/q\/Quiles:Francisco_J=\" target=\"_blank\" rel=\"noopener noreferrer\"><img loading=\"lazy\" decoding=\"async\" src=\"http:\/\/www.i3a.uclm.es\/raap\/wp-content\/uploads\/2016\/05\/dblp.icon_.18x18.png\" alt=\"dblp.icon.18x18\" width=\"18\" height=\"18\" \/><\/a><\/strong>\u00a0Full Professor at the Universidad de Castilla-La Mancha.<\/li>\n<li><strong>Jos\u00e9 Luis S\u00e1nchez\u00a0<\/strong><strong><a href=\"http:\/\/orcid.org\/0000-0002-3498-9174\" target=\"_blank\" rel=\"noopener noreferrer\"><img decoding=\"async\" src=\"http:\/\/www.i3a.uclm.es\/raap\/wp-content\/uploads\/2016\/04\/iD-icon.png\" alt=\"iD icon\" width=\"16\" height=\"16\" \/><\/a>\u00a0<a href=\"http:\/\/dblp.uni-trier.de\/pers\/hd\/s\/S=aacute=nchez_0002:Jos=eacute=_L=\" target=\"_blank\" rel=\"noopener noreferrer\"><img loading=\"lazy\" decoding=\"async\" src=\"http:\/\/www.i3a.uclm.es\/raap\/wp-content\/uploads\/2016\/05\/dblp.icon_.18x18.png\" alt=\"dblp.icon.18x18\" width=\"18\" height=\"18\" \/><\/a>\u00a0<\/strong>Full Professor at the Universidad de Castilla-La Mancha.<\/li>\n<li><strong>Francisco J. Alfaro\u00a0<\/strong><em><a href=\"http:\/\/orcid.org\/0000-0002-4430-4482\" target=\"_blank\" rel=\"noopener noreferrer\"><img decoding=\"async\" src=\"http:\/\/www.i3a.uclm.es\/raap\/wp-content\/uploads\/2016\/04\/iD-icon.png\" alt=\"iD icon\" width=\"16\" height=\"16\" \/><\/a><\/em>\u00a0<a href=\"http:\/\/dblp.uni-trier.de\/pers\/hd\/a\/Alfaro:Francisco_J=\" target=\"_blank\" rel=\"noopener noreferrer\"><img loading=\"lazy\" decoding=\"async\" src=\"http:\/\/www.i3a.uclm.es\/raap\/wp-content\/uploads\/2016\/05\/dblp.icon_.18x18.png\" alt=\"dblp.icon.18x18\" width=\"18\" height=\"18\" \/><\/a>\u00a0Full Professor at the Universidad de Castilla-La Mancha.<\/li>\n<li><strong>Pedro Javier Garc\u00eda\u00a0<\/strong><a href=\"http:\/\/orcid.org\/0000-0002-7350-6067\" target=\"_blank\" rel=\"noopener noreferrer\"><img decoding=\"async\" src=\"http:\/\/www.i3a.uclm.es\/raap\/wp-content\/uploads\/2016\/04\/iD-icon.png\" alt=\"iD icon\" width=\"16\" height=\"16\" \/><\/a>\u00a0<a href=\"http:\/\/dblp.uni-trier.de\/pers\/hd\/g\/Garc=iacute=a:Pedro_Javier\" target=\"_blank\" rel=\"noopener noreferrer\"><img loading=\"lazy\" decoding=\"async\" src=\"http:\/\/www.i3a.uclm.es\/raap\/wp-content\/uploads\/2016\/05\/dblp.icon_.18x18.png\" alt=\"dblp.icon.18x18\" width=\"18\" height=\"18\" \/><\/a>\u00a0Full Professor at the Universidad de Castilla-La Mancha.<\/li>\n<li><strong>Antonio Mor\u00e1n Mu\u00f1oz<\/strong> <a href=\"https:\/\/orcid.org\/0000-0003-2491-9030\" target=\"_blank\" rel=\"noopener noreferrer\"><img loading=\"lazy\" decoding=\"async\" class=\"alignnone wp-image-393 size-full\" src=\"https:\/\/www.i3a.uclm.es\/raap\/wp-content\/uploads\/2016\/04\/iD-icon.png\" alt=\"\" width=\"16\" height=\"16\" \/><\/a> <span class=\"TextRun SCXW256202418 BCX4\" lang=\"ES-ES\" xml:lang=\"ES-ES\" data-contrast=\"auto\"><span class=\"NormalTextRun SCXW256202418 BCX4\">PhD Student.<\/span><\/span><\/li>\n<li><strong><span class=\"TextRun SCXW256202418 BCX4\" lang=\"ES-ES\" xml:lang=\"ES-ES\" data-contrast=\"auto\"><span class=\"NormalTextRun SCXW256202418 BCX4\">Cristina Olmedilla L\u00f3pez\u00a0<a href=\"https:\/\/orcid.org\/0000-0003-1239-0846\" target=\"_blank\" rel=\"noopener noreferrer\"><img loading=\"lazy\" decoding=\"async\" class=\"alignnone wp-image-393 size-full\" src=\"https:\/\/www.i3a.uclm.es\/raap\/wp-content\/uploads\/2016\/04\/iD-icon.png\" alt=\"\" width=\"16\" height=\"16\" \/><\/a><a href=\"https:\/\/dblp.org\/pid\/274\/7303.html\" target=\"_blank\" rel=\"noopener noreferrer\"><img loading=\"lazy\" decoding=\"async\" class=\"alignnone wp-image-400 size-full\" src=\"https:\/\/www.i3a.uclm.es\/raap\/wp-content\/uploads\/2016\/05\/dblp.icon_.18x18.png\" alt=\"\" width=\"18\" height=\"18\" \/><\/a>\u00a0<\/span><\/span><\/strong><span class=\"TextRun SCXW256202418 BCX4\" lang=\"ES-ES\" xml:lang=\"ES-ES\" data-contrast=\"auto\"><span class=\"NormalTextRun SCXW256202418 BCX4\">PhD Student.<\/span><\/span><\/li>\n<li><strong>G<\/strong><span class=\"TextRun SCXW256202418 BCX4\" lang=\"ES-ES\" xml:lang=\"ES-ES\" data-contrast=\"auto\"><span class=\"NormalTextRun SCXW256202418 BCX4\"><strong>abriel G\u00f3mez L\u00f3pez\u00a0<a href=\"https:\/\/orcid.org\/0000-0002-8604-6901\" target=\"_blank\" rel=\"noopener noreferrer\"><img loading=\"lazy\" decoding=\"async\" class=\"alignnone wp-image-393 size-full\" src=\"https:\/\/www.i3a.uclm.es\/raap\/wp-content\/uploads\/2016\/04\/iD-icon.png\" alt=\"\" width=\"16\" height=\"16\" \/><\/a><a href=\"https:\/\/dblp.org\/pid\/331\/9206.html\" target=\"_blank\" rel=\"noopener noreferrer\"><img loading=\"lazy\" decoding=\"async\" class=\"alignnone wp-image-400 size-full\" src=\"https:\/\/www.i3a.uclm.es\/raap\/wp-content\/uploads\/2016\/05\/dblp.icon_.18x18.png\" alt=\"\" width=\"18\" height=\"18\" \/>\u00a0<\/a><\/strong>PhD Student.<\/span><\/span><\/li>\n<li><span class=\"TextRun SCXW256202418 BCX4\" lang=\"ES-ES\" xml:lang=\"ES-ES\" data-contrast=\"auto\"><span class=\"NormalTextRun SCXW256202418 BCX4\"><strong>Miguel S\u00e1nchez De la Rosa\u00a0<a href=\"https:\/\/orcid.org\/0009-0001-6893-645X\" target=\"_blank\" rel=\"noopener\"><img loading=\"lazy\" decoding=\"async\" class=\"alignnone wp-image-393 size-full\" src=\"https:\/\/www.i3a.uclm.es\/raap\/wp-content\/uploads\/2016\/04\/iD-icon.png\" alt=\"\" width=\"16\" height=\"16\" \/>\u00a0<\/a><\/strong>PhD Student.<strong><br \/>\n<\/strong><\/span><\/span><\/li>\n<li><strong>Carlos Medrano Naval\u00f3n <a href=\"https:\/\/orcid.org\/0009-0000-2790-8834\" target=\"_blank\" rel=\"noopener noreferrer\"><img loading=\"lazy\" decoding=\"async\" class=\"alignnone wp-image-393 size-full\" src=\"https:\/\/www.i3a.uclm.es\/raap\/wp-content\/uploads\/2016\/04\/iD-icon.png\" alt=\"\" width=\"16\" height=\"16\" \/><\/a> <\/strong><span class=\"TextRun SCXW256202418 BCX4\" lang=\"ES-ES\" xml:lang=\"ES-ES\" data-contrast=\"auto\"><span class=\"NormalTextRun SCXW256202418 BCX4\">PhD Student.<\/span><\/span><\/li>\n<li><strong>Alberto Merino Risue\u00f1o <a href=\"https:\/\/orcid.org\/0009-0002-8428-0005\" target=\"_blank\" rel=\"noopener noreferrer\"><img loading=\"lazy\" decoding=\"async\" class=\"alignnone wp-image-393 size-full\" src=\"https:\/\/www.i3a.uclm.es\/raap\/wp-content\/uploads\/2016\/04\/iD-icon.png\" alt=\"\" width=\"16\" height=\"16\" \/><\/a>\u00a0<\/strong><span class=\"TextRun SCXW256202418 BCX4\" lang=\"ES-ES\" xml:lang=\"ES-ES\" data-contrast=\"auto\"><span class=\"NormalTextRun SCXW256202418 BCX4\">PhD Student.<\/span><\/span><\/li>\n<li><strong>Antonio Joaqu\u00edn T\u00e1rraga Moreno <a href=\"https:\/\/orcid.org\/0009-0006-6851-4835\" target=\"_blank\" rel=\"noopener noreferrer\"><img loading=\"lazy\" decoding=\"async\" class=\"alignnone wp-image-393 size-full\" src=\"https:\/\/www.i3a.uclm.es\/raap\/wp-content\/uploads\/2016\/04\/iD-icon.png\" alt=\"\" width=\"16\" height=\"16\" \/><\/a> <\/strong><span class=\"TextRun SCXW256202418 BCX4\" lang=\"ES-ES\" xml:lang=\"ES-ES\" data-contrast=\"auto\"><span class=\"NormalTextRun SCXW256202418 BCX4\">PhD Student.<\/span><\/span><\/li>\n<li><strong>Jos\u00e9 Duato Mar\u00edn.\u00a0<span class=\"TextRun SCXW256202418 BCX4\" lang=\"ES-ES\" xml:lang=\"ES-ES\" data-contrast=\"auto\"><span class=\"NormalTextRun SCXW256202418 BCX4\"><a href=\"https:\/\/orcid.org\/0000-0002-7785-0607\" target=\"_blank\" rel=\"noopener\"><img loading=\"lazy\" decoding=\"async\" class=\"alignnone wp-image-393 size-full\" src=\"https:\/\/www.i3a.uclm.es\/raap\/wp-content\/uploads\/2016\/04\/iD-icon.png\" alt=\"\" width=\"16\" height=\"16\" \/><\/a><a href=\"https:\/\/dblp.org\/pid\/76\/2766.html\" target=\"_blank\" rel=\"noopener noreferrer\"><img loading=\"lazy\" decoding=\"async\" class=\"alignnone wp-image-400 size-full\" src=\"https:\/\/www.i3a.uclm.es\/raap\/wp-content\/uploads\/2016\/05\/dblp.icon_.18x18.png\" alt=\"\" width=\"18\" height=\"18\" \/><\/a><\/span><\/span>\u00a0<\/strong>\u00a0<a href=\"https:\/\/www.qsimov.com\/\" target=\"_blank\" rel=\"noopener\">Qsimov<\/a>\u00a0CTO.<\/li>\n<li><strong>Gaspar Mora Porta<\/strong>.\u00a0<strong><strong><span class=\"TextRun SCXW256202418 BCX4\" lang=\"ES-ES\" xml:lang=\"ES-ES\" data-contrast=\"auto\"><span class=\"NormalTextRun SCXW256202418 BCX4\"><a href=\"https:\/\/orcid.org\/0000-0002-7785-0607\" target=\"_blank\" rel=\"noopener\"><img loading=\"lazy\" decoding=\"async\" class=\"alignnone wp-image-393 size-full\" src=\"https:\/\/www.i3a.uclm.es\/raap\/wp-content\/uploads\/2016\/04\/iD-icon.png\" alt=\"\" width=\"16\" height=\"16\" \/><\/a><a href=\"https:\/\/dblp.org\/pid\/04\/447.html\" target=\"_blank\" rel=\"noopener noreferrer\"><img loading=\"lazy\" decoding=\"async\" class=\"alignnone wp-image-400 size-full\" src=\"https:\/\/www.i3a.uclm.es\/raap\/wp-content\/uploads\/2016\/05\/dblp.icon_.18x18.png\" alt=\"\" width=\"18\" height=\"18\" \/>\u00a0<\/a><\/span><\/span><\/strong><\/strong>Senior Architect at\u00a0<a href=\"https:\/\/www.nvidia.com\/\" target=\"_blank\" rel=\"noopener\">Nvidia Corporation.<\/a><\/li>\n<li><strong>Mikel Eukeni Pozo Astigarraga<\/strong>. Network Engineer at\u00a0<a href=\"https:\/\/home.cern\/\">CERN<\/a>.<\/li>\n<li><strong>John Gliksberg <\/strong>Senior Engineer at <a href=\"https:\/\/eviden.com\" target=\"_blank\" rel=\"noopener\">Eviden<\/a>.<\/li>\n<li><strong>Tor Skeie.\u00a0<span class=\"TextRun SCXW256202418 BCX4\" lang=\"ES-ES\" xml:lang=\"ES-ES\" data-contrast=\"auto\"><span class=\"NormalTextRun SCXW256202418 BCX4\"><a href=\"https:\/\/dblp.org\/pid\/03\/3120.html\" target=\"_blank\" rel=\"noopener noreferrer\"><img loading=\"lazy\" decoding=\"async\" class=\"alignnone wp-image-400 size-full\" src=\"https:\/\/www.i3a.uclm.es\/raap\/wp-content\/uploads\/2016\/05\/dblp.icon_.18x18.png\" alt=\"\" width=\"18\" height=\"18\" \/><\/a><\/span><\/span><\/strong><span class=\"TextRun SCXW256202418 BCX4\" lang=\"ES-ES\" xml:lang=\"ES-ES\" data-contrast=\"auto\"><span class=\"NormalTextRun SCXW256202418 BCX4\">Full Professor at the\u00a0<a href=\"https:\/\/www.uio.no\/\">University of Oslo<\/a>.<\/span><\/span><\/li>\n<li><strong>Francisco Jos\u00e9 And\u00fajar Mu\u00f1oz<\/strong>.\u00a0<a href=\"https:\/\/orcid.org\/0000-0001-8884-7334\" target=\"_blank\" rel=\"noopener noreferrer\"><img loading=\"lazy\" decoding=\"async\" class=\"alignnone\" src=\"http:\/\/www.i3a.uclm.es\/raap\/wp-content\/uploads\/2016\/04\/iD-icon.png\" alt=\"iD icon\" width=\"16\" height=\"16\" \/><\/a><strong><a href=\"https:\/\/dblp.org\/pid\/83\/10372.html\" target=\"_blank\" rel=\"noopener noreferrer\"><img loading=\"lazy\" decoding=\"async\" class=\"alignnone\" src=\"http:\/\/www.i3a.uclm.es\/raap\/wp-content\/uploads\/2016\/05\/dblp.icon_.18x18.png\" alt=\"dblp.icon.18x18\" width=\"18\" height=\"18\" \/><\/a><\/strong>\u00a0Associate Profesor at the Universidad de Valladolid.<\/li>\n<\/ul>\n","protected":false},"excerpt":{"rendered":"<p>Research Team Jes\u00fas Escudero Sahuquillo\u00a0\u00a0\u00a0Associate Profesor at the Universidad de Castilla-La Mancha. Rafael Rodr\u00edguez S\u00e1nchez Associate Profesor at the Universidad de Castilla-La Mancha Francisco Jos\u00e9 Quiles\u00a0\u00a0\u00a0Full Professor at the Universidad &#8230;<\/p>\n","protected":false},"author":1,"featured_media":0,"parent":0,"menu_order":0,"comment_status":"closed","ping_status":"closed","template":"","meta":{"_monsterinsights_skip_tracking":false,"_monsterinsights_sitenote_active":false,"_monsterinsights_sitenote_note":"","_monsterinsights_sitenote_category":0,"footnotes":""},"class_list":["post-7","page","type-page","status-publish","hentry"],"_links":{"self":[{"href":"https:\/\/hipineb.i3a.info\/tetra-project\/wp-json\/wp\/v2\/pages\/7","targetHints":{"allow":["GET"]}}],"collection":[{"href":"https:\/\/hipineb.i3a.info\/tetra-project\/wp-json\/wp\/v2\/pages"}],"about":[{"href":"https:\/\/hipineb.i3a.info\/tetra-project\/wp-json\/wp\/v2\/types\/page"}],"author":[{"embeddable":true,"href":"https:\/\/hipineb.i3a.info\/tetra-project\/wp-json\/wp\/v2\/users\/1"}],"replies":[{"embeddable":true,"href":"https:\/\/hipineb.i3a.info\/tetra-project\/wp-json\/wp\/v2\/comments?post=7"}],"version-history":[{"count":36,"href":"https:\/\/hipineb.i3a.info\/tetra-project\/wp-json\/wp\/v2\/pages\/7\/revisions"}],"predecessor-version":[{"id":232,"href":"https:\/\/hipineb.i3a.info\/tetra-project\/wp-json\/wp\/v2\/pages\/7\/revisions\/232"}],"wp:attachment":[{"href":"https:\/\/hipineb.i3a.info\/tetra-project\/wp-json\/wp\/v2\/media?parent=7"}],"curies":[{"name":"wp","href":"https:\/\/api.w.org\/{rel}","templated":true}]}}