{"id":166,"date":"2024-12-09T12:05:07","date_gmt":"2024-12-09T12:05:07","guid":{"rendered":"https:\/\/hipineb.i3a.info\/tetra-project\/?page_id=166"},"modified":"2026-02-19T12:10:43","modified_gmt":"2026-02-19T12:10:43","slug":"tecnicas-eficientes-para-tecnologias-de-red-avanzadas-2","status":"publish","type":"page","link":"https:\/\/hipineb.i3a.info\/tetra-project\/tecnicas-eficientes-para-tecnologias-de-red-avanzadas-2\/","title":{"rendered":"T\u00e9cnicas Eficientes para Tecnolog\u00edas de Red Avanzadas 2"},"content":{"rendered":"<p>Los supercomputadores y centros de proceso de datos (CPDs) son infraestructuras imprescindibles para la transici\u00f3n digital de cualquier sociedad, ya que dan soporte a servicios esenciales actualmente para la industria, la ciencia, y las propias administraciones p\u00fablicas, tales como la computaci\u00f3n de altas prestaciones (<i>High-Performance Computing, HPC<\/i>), el an\u00e1lisis de datos de alto rendimiento y volumen (<i>Big-Data<\/i>, o <i>High-Performance Data Analytics, HPDA<\/i>), y la inteligencia artificial (<i>IA<\/i>), entre otros. Para poder proporcionar la enorme capacidad computacional y de almacenamiento requerida hoy en d\u00eda por estos servicios, los supercomputadores de la actual generaci\u00f3n (conocida como <i>Exascale<\/i>) y los modernos CPDs cuentan con un elevad\u00edsimo n\u00famero de nodos de c\u00f3mputo y almacenamiento, del orden de varias decenas o cientos de miles. Un n\u00famero tal de nodos requiere a su vez una red que los interconecte muy eficientemente, de cara a que la informaci\u00f3n necesaria para completar colaborativamente los procesos a realizar pueda fluir entre los nodos a una velocidad suficiente como para evitar tiempos muertos de espera en los receptores. Por ello, tanto desde la industria como desde el \u00e1mbito acad\u00e9mico se viene desarrollando una gran actividad en I+D centrada en elevar las prestaciones de las redes de interconexi\u00f3n. Este proyecto se enmarca precisamente en este \u00e1mbito investigador, ya que sus objetivos b\u00e1sicos son proponer nuevas t\u00e9cnicas que mejoren diversas facetas de las tecnolog\u00edas de red de altas prestaciones existentes en el mercado (<i>InfiniBand<\/i>, <i>BXI<\/i>, <i>HPC Ethernet, <\/i>etc.), as\u00ed como dise\u00f1os de red que exploten \u00f3ptimamente las posibilidades de sus componentes. Nuestras propuestas ir\u00e1n orientadas a alcanzar las prestaciones exigidas a la red en sistemas <i>Exascale<\/i>, pero siempre cuidando la eficiencia, desde distintos aspectos, como por ejemplo tratando de mantener un coste asequible o un consumo energ\u00e9tico razonable. Adem\u00e1s, se dedicar\u00e1 un esfuerzo especial al intercambio de ideas y opiniones con la industria del sector, de cara a conocer de primera mano sus necesidades y a aumentar las posibilidades de transferencia tecnol\u00f3gica.<\/p>\n<h4><em><strong>Efficient Techniques for Advanced Interconnect Technologies 2<\/strong><\/em><\/h4>\n<p>Supercomputers and Data Centers are fundamental infrastructures to drive the digital transition of any society, as they support services that are essential nowadays for industry, science, and public administrations, such as High-Performance Computing (HPC), Artificial Intelligence (AI), Big-Data or High-Performance Data Analytics. (HPDA). In order to provide the enormous amount of computing power and storage requested nowadays by these services, the current generation of supercomputers (in general known as Exascale generation) and modern CPDs include a huge number of computing and storage nodes, in the order of tens or hundreds of thousands. Such a number of nodes require a network able to interconnect them efficiently, so that the information necessary to complete collaboratively the processes flows among nodes fast enough to avoid idle times at the receiver nodes. Hence, both industry and academia have been developing intense R&amp;D activities to boost the performance of interconnection networks. This project focuses particularly on this research context, as their basic objectives are proposing new techniques to improve several aspects of the interconnect technologies existing in the market (<i>InfiniBand<\/i>, <i>BXI<\/i>, <i>HPC Ethernet,<\/i> etc.), as well as network designs that leverage the features of their components. Our proposals will aim at reaching the performance demanded to the network in Exascale systems, but always taking care of efficiency from several points of view, for instance keeping an affordable cost, or reasonable levels of power consumption. In addition, special efforts will be devoted to the exchange of ideas and opinions with the companies in this sector, in order to have a first-hand knowledge of their needs and to increase the possibilities of technology transfer.<\/p>\n<h3><strong>Research Team<\/strong><\/h3>\n<ul>\n<li><strong>Pedro Javier Garc\u00eda <\/strong><a href=\"http:\/\/orcid.org\/0000-0002-7350-6067\" target=\"_blank\" rel=\"noopener noreferrer\"><img decoding=\"async\" src=\"http:\/\/www.i3a.uclm.es\/raap\/wp-content\/uploads\/2016\/04\/iD-icon.png\" alt=\"iD icon\" width=\"16\" height=\"16\" \/><\/a>\u00a0<a href=\"http:\/\/dblp.uni-trier.de\/pers\/hd\/g\/Garc=iacute=a:Pedro_Javier\" target=\"_blank\" rel=\"noopener noreferrer\"><img decoding=\"async\" src=\"http:\/\/www.i3a.uclm.es\/raap\/wp-content\/uploads\/2016\/05\/dblp.icon_.18x18.png\" alt=\"dblp.icon.18x18\" width=\"18\" height=\"18\" \/><\/a> Full Professor at the Universidad de Castilla-La Mancha.<\/li>\n<li><strong>Jes\u00fas Escudero Sahuquillo\u00a0<\/strong><a href=\"http:\/\/orcid.org\/0000-0003-0835-8624\" target=\"_blank\" rel=\"noopener noreferrer\"><img decoding=\"async\" src=\"http:\/\/www.i3a.uclm.es\/raap\/wp-content\/uploads\/2016\/04\/iD-icon.png\" alt=\"iD icon\" width=\"16\" height=\"16\" \/><\/a>\u00a0<a href=\"http:\/\/dblp.uni-trier.de\/pers\/hd\/e\/Escudero=Sahuquillo:Jes=uacute=s\" target=\"_blank\" rel=\"noopener noreferrer\"><img decoding=\"async\" src=\"http:\/\/www.i3a.uclm.es\/raap\/wp-content\/uploads\/2016\/05\/dblp.icon_.18x18.png\" width=\"18\" height=\"18\" \/><\/a> Full Profesor at the Universidad de Castilla-La Mancha.<\/li>\n<li><strong>Francisco Jos\u00e9 Quiles<\/strong><strong>\u00a0<a href=\"http:\/\/orcid.org\/0000-0002-8966-6225\" target=\"_blank\" rel=\"noopener noreferrer\"><img decoding=\"async\" src=\"http:\/\/www.i3a.uclm.es\/raap\/wp-content\/uploads\/2016\/04\/iD-icon.png\" alt=\"iD icon\" width=\"16\" height=\"16\" \/><\/a>\u00a0<a href=\"http:\/\/dblp.uni-trier.de\/pers\/hd\/q\/Quiles:Francisco_J=\" target=\"_blank\" rel=\"noopener noreferrer\"><img decoding=\"async\" src=\"http:\/\/www.i3a.uclm.es\/raap\/wp-content\/uploads\/2016\/05\/dblp.icon_.18x18.png\" alt=\"dblp.icon.18x18\" width=\"18\" height=\"18\" \/><\/a><\/strong>\u00a0Full Professor at the Universidad de Castilla-La Mancha.<\/li>\n<li><strong>Jos\u00e9 Luis S\u00e1nchez\u00a0<\/strong><strong><a href=\"http:\/\/orcid.org\/0000-0002-3498-9174\" target=\"_blank\" rel=\"noopener noreferrer\"><img decoding=\"async\" src=\"http:\/\/www.i3a.uclm.es\/raap\/wp-content\/uploads\/2016\/04\/iD-icon.png\" alt=\"iD icon\" width=\"16\" height=\"16\" \/><\/a>\u00a0<a href=\"http:\/\/dblp.uni-trier.de\/pers\/hd\/s\/S=aacute=nchez_0002:Jos=eacute=_L=\" target=\"_blank\" rel=\"noopener noreferrer\"><img decoding=\"async\" src=\"http:\/\/www.i3a.uclm.es\/raap\/wp-content\/uploads\/2016\/05\/dblp.icon_.18x18.png\" alt=\"dblp.icon.18x18\" width=\"18\" height=\"18\" \/><\/a> <\/strong>Full Professor at the Universidad de Castilla-La Mancha.<\/li>\n<li><strong>Francisco J. Alfaro <\/strong><em><a href=\"http:\/\/orcid.org\/0000-0002-4430-4482\" target=\"_blank\" rel=\"noopener noreferrer\"><img decoding=\"async\" src=\"http:\/\/www.i3a.uclm.es\/raap\/wp-content\/uploads\/2016\/04\/iD-icon.png\" alt=\"iD icon\" width=\"16\" height=\"16\" \/><\/a><\/em>\u00a0<a href=\"http:\/\/dblp.uni-trier.de\/pers\/hd\/a\/Alfaro:Francisco_J=\" target=\"_blank\" rel=\"noopener noreferrer\"><img decoding=\"async\" src=\"http:\/\/www.i3a.uclm.es\/raap\/wp-content\/uploads\/2016\/05\/dblp.icon_.18x18.png\" alt=\"dblp.icon.18x18\" width=\"18\" height=\"18\" \/><\/a> Full Professor at the Universidad de Castilla-La Mancha.<\/li>\n<li><strong>Javier Cano Cano. <\/strong>Software Engineer at <a href=\"https:\/\/www.redhat.com\">Red Hat<\/a>.<\/li>\n<li><strong>Antonio Mor\u00e1n Mu\u00f1oz<\/strong>. <span class=\"TextRun SCXW256202418 BCX4\" lang=\"ES-ES\" xml:lang=\"ES-ES\" data-contrast=\"auto\"><span class=\"NormalTextRun SCXW256202418 BCX4\"><a href=\"https:\/\/orcid.org\/0000-0003-2491-9030\" target=\"_blank\" rel=\"noopener noreferrer\"><img loading=\"lazy\" decoding=\"async\" class=\"alignnone wp-image-393 size-full\" src=\"https:\/\/www.i3a.uclm.es\/raap\/wp-content\/uploads\/2016\/04\/iD-icon.png\" alt=\"\" width=\"16\" height=\"16\" \/><\/a> PhD Student.<\/span><\/span><\/li>\n<li><strong><span class=\"TextRun SCXW256202418 BCX4\" lang=\"ES-ES\" xml:lang=\"ES-ES\" data-contrast=\"auto\"><span class=\"NormalTextRun SCXW256202418 BCX4\">Cristina Olmedilla L\u00f3pez <a href=\"https:\/\/orcid.org\/0000-0003-1239-0846\" target=\"_blank\" rel=\"noopener noreferrer\"><img loading=\"lazy\" decoding=\"async\" class=\"alignnone wp-image-393 size-full\" src=\"https:\/\/www.i3a.uclm.es\/raap\/wp-content\/uploads\/2016\/04\/iD-icon.png\" alt=\"\" width=\"16\" height=\"16\" \/><\/a><a href=\"https:\/\/dblp.org\/pid\/274\/7303.html\" target=\"_blank\" rel=\"noopener noreferrer\"><img loading=\"lazy\" decoding=\"async\" class=\"alignnone wp-image-400 size-full\" src=\"https:\/\/www.i3a.uclm.es\/raap\/wp-content\/uploads\/2016\/05\/dblp.icon_.18x18.png\" alt=\"\" width=\"18\" height=\"18\" \/><\/a> <\/span><\/span><\/strong><span class=\"TextRun SCXW256202418 BCX4\" lang=\"ES-ES\" xml:lang=\"ES-ES\" data-contrast=\"auto\"><span class=\"NormalTextRun SCXW256202418 BCX4\">PhD Student.<\/span><\/span><\/li>\n<li><strong>G<\/strong><span class=\"TextRun SCXW256202418 BCX4\" lang=\"ES-ES\" xml:lang=\"ES-ES\" data-contrast=\"auto\"><span class=\"NormalTextRun SCXW256202418 BCX4\"><strong>abriel G\u00f3mez L\u00f3pez <a href=\"https:\/\/orcid.org\/0000-0002-8604-6901\" target=\"_blank\" rel=\"noopener noreferrer\"><img loading=\"lazy\" decoding=\"async\" class=\"alignnone wp-image-393 size-full\" src=\"https:\/\/www.i3a.uclm.es\/raap\/wp-content\/uploads\/2016\/04\/iD-icon.png\" alt=\"\" width=\"16\" height=\"16\" \/><\/a><a href=\"https:\/\/dblp.org\/pid\/331\/9206.html\" target=\"_blank\" rel=\"noopener noreferrer\"><img loading=\"lazy\" decoding=\"async\" class=\"alignnone wp-image-400 size-full\" src=\"https:\/\/www.i3a.uclm.es\/raap\/wp-content\/uploads\/2016\/05\/dblp.icon_.18x18.png\" alt=\"\" width=\"18\" height=\"18\" \/> <\/a><\/strong>Post-Doc Researcher.<\/span><\/span><\/li>\n<li><span class=\"TextRun SCXW256202418 BCX4\" lang=\"ES-ES\" xml:lang=\"ES-ES\" data-contrast=\"auto\"><span class=\"NormalTextRun SCXW256202418 BCX4\"><strong>Miguel S\u00e1nchez De la Rosa <a href=\"https:\/\/orcid.org\/0009-0001-6893-645X\" target=\"_blank\" rel=\"noopener\"><img loading=\"lazy\" decoding=\"async\" class=\"alignnone wp-image-393 size-full\" src=\"https:\/\/www.i3a.uclm.es\/raap\/wp-content\/uploads\/2016\/04\/iD-icon.png\" alt=\"\" width=\"16\" height=\"16\" \/> <\/a><\/strong>PhD Student.<strong><br \/>\n<\/strong><\/span><\/span><\/li>\n<li><span lang=\"ES-ES\" xml:lang=\"ES-ES\" data-contrast=\"auto\"><strong>Carlos Medrano Naval\u00f3n <a href=\"https:\/\/orcid.org\/0009-0000-2790-8834\" target=\"_blank\" rel=\"noopener noreferrer\"><img loading=\"lazy\" decoding=\"async\" src=\"https:\/\/www.i3a.uclm.es\/raap\/wp-content\/uploads\/2016\/04\/iD-icon.png\" alt=\"\" width=\"16\" height=\"16\" \/> <\/a><\/strong><span class=\"TextRun SCXW256202418 BCX4\" lang=\"ES-ES\" xml:lang=\"ES-ES\" data-contrast=\"auto\"><span class=\"NormalTextRun SCXW256202418 BCX4\">PhD Student.<\/span><\/span><\/span><\/li>\n<li><span lang=\"ES-ES\" xml:lang=\"ES-ES\" data-contrast=\"auto\"><strong>Antonio Joaqu\u00edn T\u00e1rraga Moreno <a href=\"https:\/\/orcid.org\/0009-0006-6851-4835\" target=\"_blank\" rel=\"noopener noreferrer\"><img loading=\"lazy\" decoding=\"async\" src=\"https:\/\/www.i3a.uclm.es\/raap\/wp-content\/uploads\/2016\/04\/iD-icon.png\" alt=\"\" width=\"16\" height=\"16\" \/><\/a> <\/strong><span class=\"TextRun SCXW256202418 BCX4\" lang=\"ES-ES\" xml:lang=\"ES-ES\" data-contrast=\"auto\"><span class=\"NormalTextRun SCXW256202418 BCX4\">PhD Student.<\/span><\/span><\/span><\/li>\n<li><strong>Jos\u00e9 Duato Mar\u00edn. <span class=\"TextRun SCXW256202418 BCX4\" lang=\"ES-ES\" xml:lang=\"ES-ES\" data-contrast=\"auto\"><span class=\"NormalTextRun SCXW256202418 BCX4\"><a href=\"https:\/\/orcid.org\/0000-0002-7785-0607\" target=\"_blank\" rel=\"noopener\"><img loading=\"lazy\" decoding=\"async\" class=\"alignnone wp-image-393 size-full\" src=\"https:\/\/www.i3a.uclm.es\/raap\/wp-content\/uploads\/2016\/04\/iD-icon.png\" alt=\"\" width=\"16\" height=\"16\" \/><\/a><a href=\"https:\/\/dblp.org\/pid\/76\/2766.html\" target=\"_blank\" rel=\"noopener noreferrer\"><img loading=\"lazy\" decoding=\"async\" class=\"alignnone wp-image-400 size-full\" src=\"https:\/\/www.i3a.uclm.es\/raap\/wp-content\/uploads\/2016\/05\/dblp.icon_.18x18.png\" alt=\"\" width=\"18\" height=\"18\" \/><\/a><\/span><\/span>\u00a0 <\/strong><a href=\"https:\/\/openchip.com\" target=\"_blank\" rel=\"noopener\">Openchip<\/a> CTO.<\/li>\n<li><strong>Gaspar Mora Porta<\/strong>. <strong><strong><span class=\"TextRun SCXW256202418 BCX4\" lang=\"ES-ES\" xml:lang=\"ES-ES\" data-contrast=\"auto\"><span class=\"NormalTextRun SCXW256202418 BCX4\"><a href=\"https:\/\/orcid.org\/0000-0002-7785-0607\" target=\"_blank\" rel=\"noopener\"><img loading=\"lazy\" decoding=\"async\" class=\"alignnone wp-image-393 size-full\" src=\"https:\/\/www.i3a.uclm.es\/raap\/wp-content\/uploads\/2016\/04\/iD-icon.png\" alt=\"\" width=\"16\" height=\"16\" \/><\/a><a href=\"https:\/\/dblp.org\/pid\/04\/447.html\" target=\"_blank\" rel=\"noopener noreferrer\"><img loading=\"lazy\" decoding=\"async\" class=\"alignnone wp-image-400 size-full\" src=\"https:\/\/www.i3a.uclm.es\/raap\/wp-content\/uploads\/2016\/05\/dblp.icon_.18x18.png\" alt=\"\" width=\"18\" height=\"18\" \/><\/a><\/span><\/span><\/strong><\/strong>\u00a0Chief Technology Officer at <a href=\"https:\/\/openchip.com\/\" target=\"_blank\" rel=\"noopener\">Openchip.<\/a><\/li>\n<li><strong>Mikel Eukeni Pozo Astigarraga<\/strong>. Network Engineer at <a href=\"https:\/\/home.cern\/\">CERN<\/a>.<\/li>\n<li><strong>Damien Berton<\/strong>. Lead Hardware Architect at <a href=\"https:\/\/booklet.evidenresearch.eu\/\">Atos BDS<\/a>.<\/li>\n<li><strong>Tor Skeie. <span class=\"TextRun SCXW256202418 BCX4\" lang=\"ES-ES\" xml:lang=\"ES-ES\" data-contrast=\"auto\"><span class=\"NormalTextRun SCXW256202418 BCX4\"><a href=\"https:\/\/dblp.org\/pid\/03\/3120.html\" target=\"_blank\" rel=\"noopener noreferrer\"><img loading=\"lazy\" decoding=\"async\" class=\"alignnone wp-image-400 size-full\" src=\"https:\/\/www.i3a.uclm.es\/raap\/wp-content\/uploads\/2016\/05\/dblp.icon_.18x18.png\" alt=\"\" width=\"18\" height=\"18\" \/><\/a><\/span><\/span><\/strong><span class=\"TextRun SCXW256202418 BCX4\" lang=\"ES-ES\" xml:lang=\"ES-ES\" data-contrast=\"auto\"><span class=\"NormalTextRun SCXW256202418 BCX4\">Full Professor at the <a href=\"https:\/\/www.uio.no\">University of Oslo<\/a>.<\/span><\/span><\/li>\n<li><strong>Germ\u00e1n Maglione Mathey<\/strong> <a href=\"http:\/\/orcid.org\/0000-0002-4967-2268\" target=\"_blank\" rel=\"noopener noreferrer\"><img decoding=\"async\" src=\"http:\/\/www.i3a.uclm.es\/raap\/wp-content\/uploads\/2016\/04\/iD-icon.png\" alt=\"iD icon\" width=\"16\" height=\"16\" \/><\/a>\u00a0<a href=\"http:\/\/dblp.uni-trier.de\/pers\/hd\/m\/Mathey:German_Maglione\" target=\"_blank\" rel=\"noopener noreferrer\"><img decoding=\"async\" src=\"http:\/\/www.i3a.uclm.es\/raap\/wp-content\/uploads\/2016\/05\/dblp.icon_.18x18.png\" alt=\"dblp.icon.18x18\" width=\"18\" height=\"18\" \/><\/a>Senior Software Engineer at <a href=\"https:\/\/www.redhat.com\">Red Hat<\/a>.<\/li>\n<li><strong>Jose Manuel Rocher Gonz\u00e1lez. <a href=\"https:\/\/dblp.org\/pid\/207\/3465\" target=\"_blank\" rel=\"noopener noreferrer\"><img loading=\"lazy\" decoding=\"async\" class=\"alignnone\" src=\"http:\/\/www.i3a.uclm.es\/raap\/wp-content\/uploads\/2016\/05\/dblp.icon_.18x18.png\" alt=\"dblp.icon.18x18\" width=\"18\" height=\"18\" \/><\/a> <\/strong>Consultant at\u00a0<a href=\"https:\/\/openchip.com\/\" target=\"_blank\" rel=\"noopener\">Openchip<\/a>.<\/li>\n<li><strong>Juan Jos\u00e9 Garc\u00eda-Castro Crespo<\/strong>. <strong><a href=\"https:\/\/dblp.org\/pid\/214\/1438.html\" target=\"_blank\" rel=\"noopener noreferrer\"><img loading=\"lazy\" decoding=\"async\" class=\"alignnone\" src=\"http:\/\/www.i3a.uclm.es\/raap\/wp-content\/uploads\/2016\/05\/dblp.icon_.18x18.png\" alt=\"dblp.icon.18x18\" width=\"18\" height=\"18\" \/><\/a><\/strong> Engineer at<a href=\"https:\/\/www.arm.com\/\"> ARM Ltd<\/a>.<\/li>\n<li><strong>Francisco Jos\u00e9 And\u00fajar Mu\u00f1oz<\/strong>. <a href=\"https:\/\/orcid.org\/0000-0001-8884-7334\" target=\"_blank\" rel=\"noopener noreferrer\"><img loading=\"lazy\" decoding=\"async\" class=\"alignnone\" src=\"http:\/\/www.i3a.uclm.es\/raap\/wp-content\/uploads\/2016\/04\/iD-icon.png\" alt=\"iD icon\" width=\"16\" height=\"16\" \/><\/a><strong><a href=\"https:\/\/dblp.org\/pid\/83\/10372.html\" target=\"_blank\" rel=\"noopener noreferrer\"><img loading=\"lazy\" decoding=\"async\" class=\"alignnone\" src=\"http:\/\/www.i3a.uclm.es\/raap\/wp-content\/uploads\/2016\/05\/dblp.icon_.18x18.png\" alt=\"dblp.icon.18x18\" width=\"18\" height=\"18\" \/><\/a><\/strong>\u00a0Associate Profesor at the Universidad de Valladolid.<\/li>\n<\/ul>\n<h3><strong>PhD Thesis<\/strong><\/h3>\n<ul>\n<li><span data-teams=\"true\"><strong>Feasible Solutions for the Implementation and Analysis of Commercial High-Performance Interconnection Network Architectures.<\/strong><br \/>\nStudent: Gabriel G\u00f3mez L\u00f3pez. Advisors: Pedro Javier Garc\u00eda Garc\u00eda and Jes\u00fas Escudero Sahuquillo. Reading date: 11\/12\/2025.<\/span><\/li>\n<li><strong>Design of Congestion Management Strategies for High-Performance Interconnection Networks using Adaptive Routing.<br \/>\n<\/strong>Student: <span data-teams=\"true\">Jos\u00e9 Manuel Rocher Gonz\u00e1lez. Advisors: Jes\u00fas Escudero Sahuquillo and Pedro Javier Garcia Garc\u00eda. Reading date: 23\/10\/2023.<\/span><\/li>\n<\/ul>\n<h3><strong><a id=\"journal\"><\/a>Journals<\/strong><\/h3>\n<ul>\n<li>Cristina Olmedilla, Jesu\u0301s Escudero-Sahuquillo, Pedro J. Garci\u0301a, Francisco J. Quiles, Wenhao Sun, Long Yan, Yunping Lyu, Jose\u0301 Duato.\u00a0ECP: Improving the Accuracy of Congesting- Packets Identification in High-Performance Interconnection Networks. IEEE Micro. Vol. 45 (2), pp. 56 &#8211; 64. 2025. IF (JCR): 2,9, pos.: 23\/60 (Q2)<\/li>\n<li>M. S\u00e1nchez de la Rosa, G. Gomez-Lopez, F.J. And\u00fajar, J. Escudero-Sahuquillo, J.L. S\u00e1nchez, F.J. Alfaro-Cort\u00e9s, P.A. Lagadec: \u201cQuality of service provision for BXIv3-based interconnection networks\u201d. Journal of Supercomputing. 81(4): 601 (2025)<\/li>\n<li>Jose Rocher-Gonzalez, Jesu\u0301s Escudero-Sahuquillo, Pedro Javier Garci\u0301a, Francisco J. Quiles, Jose Duato: \u201cA Smart and Novel Approach for Managing Incast and In-Network Congestion through Adaptive Routing\u201d, en Future Generation Computer Systems, Vol. 159, pp. 27-38, DOI: 10.1016\/j.future.2024.04.041, Factor de Impacto (JCR 2023): 6.2, Posicio\u0301n: 14\/144 (Q1). URL: https:\/\/doi.org\/10.1016\/j.future.2024.04.041. Octubre de 2024.<\/li>\n<li>Gabriel Go\u0301mez-Lo\u0301pez, Jesu\u0301s Escudero-Sahuquillo, Pedro J. Garci\u0301a, Francisco J. Quiles: \u201cImplementation and testing of a KNS topology in an InfiniBand cluster\u201d, en The Journal of Supercomputing, Vol. 80 (14), pp. 21306- 21338, DOI: 10.1007\/s11227-024-06214-6, Factor de Impacto (JCR 2023): 2.5, Posicio\u0301n: 48\/144 (Q2). URL: https:\/\/doi.org\/10.1007\/s11227-024-06214-6. Junio de 2024.<\/li>\n<\/ul>\n<h3>Conferences<\/h3>\n<ul>\n<li>Alberto Merino, Jesus Escudero-Sahuquillo, Pedro Javier Garcia y Francisco J. Quiles: &#8220;Modelado y evaluaci\u00f3n en un simulador de redes de interconexi\u00f3n de altas prestaciones de t\u00e9cnicas de planificaci\u00f3n en destino para reducir la congesti\u00f3n&#8221;,en actas XXXV Jornadas de Paralelismo (Jornadas Sarteco 2025).<\/li>\n<li>Miguel Sa\u0301nchez de la Rosa, Gabriel Go\u0301mez-Lopez, Francisco J. Andu\u0301jar, Jesu\u0301s Escudero-Sahuquillo, Jose L. Sa\u0301nchez, Francisco J. Alfaro and Pierre-Axel Lagadec: \u201cQuality-of-Service Provision for BXI3-based Interconnection Networks\u201d, en actas de 31st IEEE Symposium on High-Performance Interconnects (Hot Interconnects 2024), ISBN 979-8-3503-5602-1, pp. 20-23, 21 de agosto de 2024.<\/li>\n<li>Carlos Medrano, Gabriel Go\u0301mez-Lo\u0301pez, Jesu\u0301s Escudero-Sahuquillo, Pedro J. Garci\u0301a, Francisco J. Quiles: \u201cModelado de algoritmos de encaminamiento multicamino en un simulador basado en OMNeT++ utilizando diferentes topologi\u0301as de red\u201d, en actas de las XXXIV Jornadas de Paralelismo (Jornadas Sarteco 2024), ISBN 978- 84-09-61749-4, pp. 531-538, 17 de junio de 2024.<\/li>\n<li>Carlos Medrano, Jesu\u0301s Escudero-Sahuquillo, Pedro J. Garci\u0301a, Francisco J. Quiles: \u201cModelado y ana\u0301lisis de topologi\u0301as de red jera\u0301rquicas para redes de interconexio\u0301n de altas prestaciones en supercomputadores y centros de datos\u201d, en actas de las XXXIII Jornadas de Paralelismo (Jornadas Sarteco 2023, ISBN 978-84-09-54466-0). pp. 463-472, 22 de septiembre de 2023.<\/li>\n<\/ul>\n","protected":false},"excerpt":{"rendered":"<p>Los supercomputadores y centros de proceso de datos (CPDs) son infraestructuras imprescindibles para la transici\u00f3n digital de cualquier sociedad, ya que dan soporte a servicios esenciales actualmente para la industria, &#8230;<\/p>\n","protected":false},"author":1,"featured_media":0,"parent":0,"menu_order":0,"comment_status":"closed","ping_status":"closed","template":"","meta":{"_monsterinsights_skip_tracking":false,"_monsterinsights_sitenote_active":false,"_monsterinsights_sitenote_note":"","_monsterinsights_sitenote_category":0,"footnotes":""},"class_list":["post-166","page","type-page","status-publish","hentry"],"_links":{"self":[{"href":"https:\/\/hipineb.i3a.info\/tetra-project\/wp-json\/wp\/v2\/pages\/166","targetHints":{"allow":["GET"]}}],"collection":[{"href":"https:\/\/hipineb.i3a.info\/tetra-project\/wp-json\/wp\/v2\/pages"}],"about":[{"href":"https:\/\/hipineb.i3a.info\/tetra-project\/wp-json\/wp\/v2\/types\/page"}],"author":[{"embeddable":true,"href":"https:\/\/hipineb.i3a.info\/tetra-project\/wp-json\/wp\/v2\/users\/1"}],"replies":[{"embeddable":true,"href":"https:\/\/hipineb.i3a.info\/tetra-project\/wp-json\/wp\/v2\/comments?post=166"}],"version-history":[{"count":26,"href":"https:\/\/hipineb.i3a.info\/tetra-project\/wp-json\/wp\/v2\/pages\/166\/revisions"}],"predecessor-version":[{"id":238,"href":"https:\/\/hipineb.i3a.info\/tetra-project\/wp-json\/wp\/v2\/pages\/166\/revisions\/238"}],"wp:attachment":[{"href":"https:\/\/hipineb.i3a.info\/tetra-project\/wp-json\/wp\/v2\/media?parent=166"}],"curies":[{"name":"wp","href":"https:\/\/api.w.org\/{rel}","templated":true}]}}