{"id":13,"date":"2016-08-25T07:39:38","date_gmt":"2016-08-25T07:39:38","guid":{"rendered":"http:\/\/hipineb.i3a.info\/jescudero\/?page_id=13"},"modified":"2024-11-16T19:34:56","modified_gmt":"2024-11-16T19:34:56","slug":"projects","status":"publish","type":"page","link":"https:\/\/hipineb.i3a.info\/jescudero\/projects\/","title":{"rendered":"Projects"},"content":{"rendered":"<p><em>(Selection of the last 5 years)<\/em><\/p>\n<ol>\n<li><strong>Title<\/strong>: <a href=\"http:\/\/tetra.i3a.info\/\"><em>Efficient Techniques for Advanced Network Technologies 2<\/em> (TETRA-2)<\/a>. <strong>Funding body<\/strong>: Junta de Comunidades de Castilla-La Mancha (SBPLY\/21\/180501\/000248). <strong>Duration<\/strong>: 09\/2022 \u2013 08\/2025. <strong>IPs<\/strong>: P. J. Garc\u00eda Garc\u00eda and J. Escudero Sahuquillo. <strong>Number of researchers<\/strong>: 19.<\/li>\n<li><strong>Title<\/strong>: Development and improvement of applications, services, and infrastructures in HPC and Data Centers. <strong>Funding body<\/strong>: MCIU\/AEI\/10.13039\/501100011033\/ and by ERDF, EU (PID2021-123627OB-C52). <strong>Participating entities<\/strong>: Univ. de Castilla-La Mancha, Univ. Polit\u00e9cnica de Valencia, Univ. Miguel Hern\u00e1ndez de Elche. <strong>Duration<\/strong>: 09\/2022 \u2013 08\/2025. <strong>PI<\/strong>: P. Cuenca Castillo (UCLM subproject). <strong>Number of researchers<\/strong>: 17.<\/li>\n<li><strong>Title: <\/strong>Interconnection Networks of High Energy Efficiency Data Centers. <strong>Participating<\/strong> <strong>entities<\/strong>: Universitat Polit\u00e8cnica de Val\u00e8ncia (Spain), Universidad de Castilla-La Mancha (Spain). <strong>Funding body<\/strong>: MICIU\/AEI\/10.13039\/501100011033 and European Union NextGenertionEU\/PRTR (TED2021-130233B-C31). <strong>Duration<\/strong>: 12\/2022 \u2013 08\/2025. <strong>PIs<\/strong>: F. J. Quiles and J.L. S\u00e1nchez (UCLM subproject). <strong>Number<\/strong> <strong>of researchers<\/strong>: 11.<\/li>\n<li><strong>Title<\/strong>: <a href=\"https:\/\/redsea-project.eu\/\"><em>Network Solution for Exascale Architectures<\/em> (RED-SEA)<\/a>.<strong> Participating entities<\/strong> (11): Bull SAS (France), FORTH (Greece), CEA (France), J\u00fclich SC (Germany), Extoll GMBH (Germany), ETH Z\u00fcrich (Switzerland), Universitat Polit\u00e8cnica de Val\u00e8ncia (Spain), Universidad de Castilla-La Mancha (Spain), INFN (Italy), EXAPSYS Greece) and EXACT LAB (Italy<strong>). Funding body<\/strong>: EU, H2020, (H2020-JTI-EuroHPC-2019-1 &#8211; grant agreement ID: 955776), Ministry of Science and Innovation. <strong>Duration:<\/strong> 04\/2021 \u2013 12\/2023. <strong>UCLM PIs<\/strong>: P. J. Garc\u00eda and J. Escudero-Sahuquillo. <strong>Number of UCLM Researchers<\/strong>: 5.<\/li>\n<li><strong>Title<\/strong>: <a href=\"https:\/\/hipineb.i3a.info\/hypernet\/\"><em>Development and application of innovative techniques for congestion control in the interconnection networks of the next generation of data centers<\/em><\/a>. <strong>Funding Body<\/strong>: Ministry of Science and Innovation (PID2019-109001RA-I00). <strong>Duration<\/strong>: 07\/ 2020 \u2013 05\/2023. <strong>PI<\/strong>: J. Escudero Sahuquillo. <strong>Number of researchers<\/strong>: 2.<\/li>\n<li><strong>Title<\/strong><em>: <a href=\"https:\/\/www.redleonardo.es\/beneficiario\/jesus-escudero-sahuquillo\/\">Optimization of the design of the new interconnection network of the data acquisition system of the ATLAS experiment at CERN<\/a>.<\/em> <strong>Funding body<\/strong>: BBVA Foundation (Leonardo Grants for Researchers and Cultural Creators 2020). In the ICT area, 5 projects granted ICT out of 73 applications. Acceptance rate: 6.8%). <strong>Duration<\/strong>: 01\/2021 \u2013 06\/2022. <strong>PI<\/strong>: J. Escudero Sahuquillo. <strong>Number of researchers<\/strong>: 6.<\/li>\n<\/ol>\n","protected":false},"excerpt":{"rendered":"<p>(Selection of the last 5 years) Title: Efficient Techniques for Advanced Network Technologies 2 (TETRA-2). Funding body: Junta de Comunidades de Castilla-La Mancha (SBPLY\/21\/180501\/000248). Duration: 09\/2022 \u2013 08\/2025. IPs: P. J. Garc\u00eda Garc\u00eda and J. Escudero Sahuquillo. Number of researchers: 19. Title: Development and improvement of applications, services, and infrastructures in HPC and Data Centers. &#8230; <span class=\"more\"><a class=\"more-link\" href=\"https:\/\/hipineb.i3a.info\/jescudero\/projects\/\">[Read more&#8230;]<\/a><\/span><\/p>\n","protected":false},"author":1,"featured_media":0,"parent":0,"menu_order":0,"comment_status":"closed","ping_status":"closed","template":"","meta":{"_monsterinsights_skip_tracking":false,"_monsterinsights_sitenote_active":false,"_monsterinsights_sitenote_note":"","_monsterinsights_sitenote_category":0,"footnotes":""},"class_list":["entry","page","publish","author-admin","post-13"],"_links":{"self":[{"href":"https:\/\/hipineb.i3a.info\/jescudero\/wp-json\/wp\/v2\/pages\/13","targetHints":{"allow":["GET"]}}],"collection":[{"href":"https:\/\/hipineb.i3a.info\/jescudero\/wp-json\/wp\/v2\/pages"}],"about":[{"href":"https:\/\/hipineb.i3a.info\/jescudero\/wp-json\/wp\/v2\/types\/page"}],"author":[{"embeddable":true,"href":"https:\/\/hipineb.i3a.info\/jescudero\/wp-json\/wp\/v2\/users\/1"}],"replies":[{"embeddable":true,"href":"https:\/\/hipineb.i3a.info\/jescudero\/wp-json\/wp\/v2\/comments?post=13"}],"version-history":[{"count":7,"href":"https:\/\/hipineb.i3a.info\/jescudero\/wp-json\/wp\/v2\/pages\/13\/revisions"}],"predecessor-version":[{"id":139,"href":"https:\/\/hipineb.i3a.info\/jescudero\/wp-json\/wp\/v2\/pages\/13\/revisions\/139"}],"wp:attachment":[{"href":"https:\/\/hipineb.i3a.info\/jescudero\/wp-json\/wp\/v2\/media?parent=13"}],"curies":[{"name":"wp","href":"https:\/\/api.w.org\/{rel}","templated":true}]}}